{"id":1195,"date":"2017-07-03T13:54:54","date_gmt":"2017-07-03T13:54:54","guid":{"rendered":"http:\/\/estudiocescas.iecs.org.ar\/en\/temuco\/"},"modified":"2017-09-12T19:00:40","modified_gmt":"2017-09-12T19:00:40","slug":"temuco","status":"publish","type":"page","link":"https:\/\/estudiocescas.iecs.org.ar\/en\/temuco\/","title":{"rendered":"Temuco"},"content":{"rendered":"<h1><span style=\"color: #800000;\"><a href=\"http:\/\/estudiocescas.iecs.org.ar\/wp-content\/uploads\/2017\/07\/IMG_5620-2.jpg\"><img loading=\"lazy\" class=\"alignright size-medium wp-image-1016\" src=\"http:\/\/estudiocescas.iecs.org.ar\/wp-content\/uploads\/2017\/07\/IMG_5620-2-300x169.jpg\" alt=\"\" width=\"300\" height=\"169\" srcset=\"https:\/\/estudiocescas.iecs.org.ar\/wp-content\/uploads\/2017\/07\/IMG_5620-2-300x169.jpg 300w, https:\/\/estudiocescas.iecs.org.ar\/wp-content\/uploads\/2017\/07\/IMG_5620-2-768x431.jpg 768w, https:\/\/estudiocescas.iecs.org.ar\/wp-content\/uploads\/2017\/07\/IMG_5620-2-1024x575.jpg 1024w, https:\/\/estudiocescas.iecs.org.ar\/wp-content\/uploads\/2017\/07\/IMG_5620-2-500x281.jpg 500w, https:\/\/estudiocescas.iecs.org.ar\/wp-content\/uploads\/2017\/07\/IMG_5620-2.jpg 1200w\" sizes=\"(max-width: 300px) 100vw, 300px\" \/><\/a>Study Site Coordinator<br \/>\n<\/span><\/h1>\n<p>Pamela Ser\u00f3n PhD, MSc, PT.<br \/>\nFernando Lanas MD, MSc, PhD<\/p>\n<h1><span style=\"color: #800000;\">Outcome Verification<\/span><\/h1>\n<p>Mar\u00eda Jos\u00e9 Oliveros, PT<\/p>\n<h1><span style=\"color: #800000;\">Collaborators<\/span><\/h1>\n<p>Alejandra Chavez<br \/>\nIvonne Navarrete<br \/>\nGino Valverde<\/p>\n<h1><span style=\"color: #800000;\">Fieldwork<\/span><\/h1>\n<p>Benjam\u00edn Ruiz<br \/>\nSara Rebolledo<br \/>\nNicol\u00e1s Benitez<br \/>\nJos\u00e9 Llanos<br \/>\nLidia Mieres<br \/>\nMarcos Montero<br \/>\nCamila Mella<br \/>\nMar\u00eda Isabel Le\u00f3n<br \/>\nFabiola Ruiz<\/p>\n<h1><span style=\"color: #800000;\">Institution<\/span><\/h1>\n<p style=\"text-align: justify;\">Centro de Excelencia \u201cCapacitaci\u00f3n, Investigaci\u00f3n y Gesti\u00f3n para la Salud basada en Evidencias (CIGES)<br \/>\nFacultad de Medicina de la Universidad de La Frontera<\/p>\n","protected":false},"excerpt":{"rendered":"<p>Study Site Coordinator Pamela Ser\u00f3n PhD, MSc, PT. Fernando Lanas MD, MSc, PhD Outcome Verification Mar\u00eda Jos\u00e9 Oliveros, PT Collaborators Alejandra Chavez Ivonne Navarrete Gino Valverde Fieldwork Benjam\u00edn Ruiz Sara Rebolledo Nicol\u00e1s Benitez Jos\u00e9 Llanos Lidia Mieres Marcos Montero Camila &hellip; <a href=\"https:\/\/estudiocescas.iecs.org.ar\/en\/temuco\/\">Continue reading <span class=\"meta-nav\">&rarr;<\/span><\/a><\/p>\n","protected":false},"author":1,"featured_media":0,"parent":0,"menu_order":0,"comment_status":"closed","ping_status":"closed","template":"sidebar-page.php","meta":[],"_links":{"self":[{"href":"https:\/\/estudiocescas.iecs.org.ar\/en\/wp-json\/wp\/v2\/pages\/1195"}],"collection":[{"href":"https:\/\/estudiocescas.iecs.org.ar\/en\/wp-json\/wp\/v2\/pages"}],"about":[{"href":"https:\/\/estudiocescas.iecs.org.ar\/en\/wp-json\/wp\/v2\/types\/page"}],"author":[{"embeddable":true,"href":"https:\/\/estudiocescas.iecs.org.ar\/en\/wp-json\/wp\/v2\/users\/1"}],"replies":[{"embeddable":true,"href":"https:\/\/estudiocescas.iecs.org.ar\/en\/wp-json\/wp\/v2\/comments?post=1195"}],"version-history":[{"count":2,"href":"https:\/\/estudiocescas.iecs.org.ar\/en\/wp-json\/wp\/v2\/pages\/1195\/revisions"}],"predecessor-version":[{"id":1197,"href":"https:\/\/estudiocescas.iecs.org.ar\/en\/wp-json\/wp\/v2\/pages\/1195\/revisions\/1197"}],"wp:attachment":[{"href":"https:\/\/estudiocescas.iecs.org.ar\/en\/wp-json\/wp\/v2\/media?parent=1195"}],"curies":[{"name":"wp","href":"https:\/\/api.w.org\/{rel}","templated":true}]}}