{"id":1189,"date":"2016-12-26T19:03:26","date_gmt":"2016-12-26T19:03:26","guid":{"rendered":"http:\/\/estudiocescas.iecs.org.ar\/en\/participaciones-en-congresos\/"},"modified":"2017-10-26T17:32:08","modified_gmt":"2017-10-26T17:32:08","slug":"participaciones-en-congresos","status":"publish","type":"page","link":"https:\/\/estudiocescas.iecs.org.ar\/en\/participaciones-en-congresos\/","title":{"rendered":"Scientific Meetings"},"content":{"rendered":"<p><a href=\"http:\/\/estudiocescas.iecs.org.ar\/wp-content\/uploads\/2016\/12\/2017-10-26-14_27_28-progra-1\u00ba-parte-Congr-Cardio-2017.png\"><img loading=\"lazy\" class=\"alignleft wp-image-1293 size-thumbnail\" src=\"http:\/\/estudiocescas.iecs.org.ar\/wp-content\/uploads\/2016\/12\/2017-10-26-14_27_28-progra-1\u00ba-parte-Congr-Cardio-2017-150x150.png\" alt=\"\" width=\"150\" height=\"150\" \/><\/a><\/p>\n<p><strong>43\u00b0 Congreso Argentino de Cardiolog\u00eda<\/strong><\/p>\n<p>October 19 &#8211; 21, 2017 \u00a0 | \u00a0\u00a0Buenos Aires, Argentina<\/p>\n<p><strong>Organized by:\u00a0<\/strong>Sociedad Argentina de Cardiolog\u00eda<\/p>\n<div class=\"speakers marT10\">\n<h2>Validaci\u00f3n externa de ecuaciones de riesgo cardiovascular en el cono sur de latinoam\u00e9rica: \u00bfCu\u00e1l predice mejor?<\/h2>\n<\/div>\n<hr \/>\n<p><a href=\"http:\/\/estudiocescas.iecs.org.ar\/wp-content\/uploads\/2016\/12\/2017-IUNS-21st-International-Congress-of-Nutrition-ICN.png\"><img loading=\"lazy\" class=\"alignleft wp-image-1271 size-thumbnail\" src=\"http:\/\/estudiocescas.iecs.org.ar\/wp-content\/uploads\/2016\/12\/2017-IUNS-21st-International-Congress-of-Nutrition-ICN-150x150.png\" alt=\"\" width=\"150\" height=\"150\" srcset=\"https:\/\/estudiocescas.iecs.org.ar\/wp-content\/uploads\/2016\/12\/2017-IUNS-21st-International-Congress-of-Nutrition-ICN-150x150.png 150w, https:\/\/estudiocescas.iecs.org.ar\/wp-content\/uploads\/2016\/12\/2017-IUNS-21st-International-Congress-of-Nutrition-ICN.png 285w\" sizes=\"(max-width: 150px) 100vw, 150px\" \/><\/a><\/p>\n<p><strong>21st International Congress of Nutrition<\/strong><\/p>\n<p>October 15 &#8211; 20, 2017 \u00a0 | \u00a0\u00a0Buenos Aires, Argentina<\/p>\n<p><strong>Organized by:\u00a0<\/strong>International Union of Nutritional Sciences (IUNS)<\/p>\n<div class=\"speakers marT10\">\n<h2>Perceptions of price and store availability of fruit and vegetable and their associations with fruit and vegetable intake among adults in four South American cities <a href=\"http:\/\/estudiocescas.iecs.org.ar\/wp-content\/uploads\/2016\/12\/2017-IUNIS-Poster.pdf\" target=\"_blank\" rel=\"noopener\">(see poster)<\/a><\/h2>\n<\/div>\n<hr \/>\n<p><img loading=\"lazy\" class=\"alignleft wp-image-1263 size-thumbnail\" src=\"http:\/\/estudiocescas.iecs.org.ar\/wp-content\/uploads\/2016\/12\/2017-09-HTA_Chile-150x150.png\" alt=\"\" width=\"150\" height=\"150\" \/><\/p>\n<p><strong>Congreso Chileno de Hipertensi\u00f3n Arterial<\/strong><\/p>\n<p>September 07 &#8211; 09, 2017 \u00a0 | \u00a0\u00a0Santiago, Chile<\/p>\n<div class=\"speakers marT10\">\n<h2>HTA en el Cono Sur Latinoamerica: Resultados del seguimiento de una cohorte poblacional: Estudio CESCAS<\/h2>\n<\/div>\n<hr \/>\n<p style=\"text-align: justify;\"><a href=\"http:\/\/estudiocescas.iecs.org.ar\/wp-content\/uploads\/2016\/12\/2017-JornadaMateySalud4_web.jpg\" target=\"_blank\" rel=\"noopener\"><img loading=\"lazy\" class=\"alignleft wp-image-1085 size-thumbnail\" src=\"http:\/\/estudiocescas.iecs.org.ar\/wp-content\/uploads\/2016\/12\/2017-JornadaMateySalud4_web-150x150.jpg\" alt=\"\" width=\"150\" height=\"150\" \/><\/a><\/p>\n<p style=\"text-align: justify;\"><span style=\"color: #000000;\"><strong>IV Jornada de Divulgaci\u00f3n Cient\u00edfica sobre Yerba Mate y Salud<\/strong><\/span><\/p>\n<p><span style=\"color: #000000;\">August 24, 2017 \u00a0 | \u00a0\u00a0Rosario, Santa Fe<\/span><\/p>\n<div class=\"speakers marT10\">\n<h2 style=\"text-align: justify;\">La Lic. Natalia Elorriaga, nutricionista del Centro de Excelencia en Salud Cardiovascular para Am\u00e9rica del Sur (CESCAS), particip\u00f3 de la VI Jornada Cient\u00edfica de Yerba Mate y Salud, donde cont\u00f3 cu\u00e1les son los objetivos de una investigaci\u00f3n a su cargo, titulada: &#8220;Evaluaci\u00f3n del efecto del consumo de mate para reducir el riesgo cardiometab\u00f3lico en Argentina&#8221;<\/h2>\n<\/div>\n<hr \/>\n<h1 style=\"text-align: justify;\"><img loading=\"lazy\" class=\"wp-image-741 size-thumbnail alignleft\" src=\"http:\/\/estudiocescas.iecs.org.ar\/wp-content\/uploads\/2016\/12\/2016-SimposioSanPablo-150x150.jpg\" width=\"150\" height=\"150\" \/>2\u00b0 Simposio internacional de Epidemiolog\u00eda Cardiovascular<\/h1>\n<div style=\"text-align: justify;\">December 05 &#8211; 07, 2016 \u00a0 | \u00a0 S\u00e3o Paulo, Brasil<\/div>\n<div class=\"speakers marT10\">\n<h2 style=\"text-align: justify;\">El Dr. Adolfo Rubinstein y la <span class=\"glossaryLink \" data-cmtooltip=\"M\u00e9dica de la Universidad Nacional de Rosario, Argentina. Especialista en Cardiolog\u00eda. Magister en Efectividad Cl\u00ednica de la Universidad de Buenos Aires.\u00a0Investigadora del Instituto de Efectividad Cl\u00ednica y Sanitaria (IECS).\">Dra. Vilma Irazola<\/span>, director y coordinadora del Centro de excelencia en salud cardiovascular para Am\u00e9rica del Sur (CESCAS), presentaron los principales hallazgos del estudio\u00a0<strong>CESCAS I<\/strong>.<\/h2>\n<hr \/>\n<\/div>\n<h1 style=\"text-align: justify;\"><img loading=\"lazy\" class=\"alignleft wp-image-769 size-thumbnail\" src=\"http:\/\/estudiocescas.iecs.org.ar\/wp-content\/uploads\/2016\/12\/2016-WONCA-Logo-150x150.png\" width=\"150\" height=\"150\" srcset=\"https:\/\/estudiocescas.iecs.org.ar\/wp-content\/uploads\/2016\/12\/2016-WONCA-Logo-150x150.png 150w, https:\/\/estudiocescas.iecs.org.ar\/wp-content\/uploads\/2016\/12\/2016-WONCA-Logo-300x300.png 300w, https:\/\/estudiocescas.iecs.org.ar\/wp-content\/uploads\/2016\/12\/2016-WONCA-Logo-299x300.png 299w, https:\/\/estudiocescas.iecs.org.ar\/wp-content\/uploads\/2016\/12\/2016-WONCA-Logo.png 325w\" sizes=\"(max-width: 150px) 100vw, 150px\" \/>\u00a021\u00aa Conferencia Mundial WONCA de M\u00e9dicos de Familia<\/h1>\n<div style=\"text-align: justify;\">\n<p>November 2 &#8211; 6, 2016 \u00a0 | \u00a0Rio do Janeiro, Brasil<\/p>\n<div>\n<p><strong>Organized by:<\/strong> World Conference of Family Doctors (WONCA)<\/p>\n<\/div>\n<\/div>\n<h2 style=\"text-align: justify;\">Detection and follow-up of cardiovascular disease and risk factors in the southern cone of Latin America: the CESCAS I study\u00a0<a href=\"http:\/\/estudiocescas.iecs.org.ar\/wp-content\/uploads\/2016\/12\/2016-WONCA.pdf\" target=\"_blank\" rel=\"noopener noreferrer\">(see abstract)<\/a><\/h2>\n<hr \/>\n<h1 style=\"text-align: justify;\"><img loading=\"lazy\" class=\"alignleft wp-image-766 size-thumbnail\" src=\"http:\/\/estudiocescas.iecs.org.ar\/wp-content\/uploads\/2016\/12\/2015-InteramericanoCardiologiaChile2-150x150.png\" width=\"150\" height=\"150\" \/>XXV\u00ba Congreso Interamericano de Cardiolog\u00eda<\/h1>\n<div style=\"text-align: justify;\">\n<p>December 4 &#8211; 7, 2015 \u00a0 | \u00a0Santiago de Chile, Chile<\/p>\n<div>\n<p><strong>Organized by:<\/strong> Sociedad Interamericana de Cardiolog\u00eda; Sociedad Chilena de Cardiolog\u00eda y Cirug\u00eda Cardiovascular.<\/p>\n<\/div>\n<\/div>\n<div style=\"text-align: justify;\">\n<h2>Durante el congreso, se llevo a cabo el Simposio CESCAS, donde\u00a0los investigadores\u00a0presentaron las principales caracter\u00edsticas del estudio, incluyendo: aspectos metodol\u00f3gicos, resultados de la etapa basal y los primeros eventos reportados.<\/h2>\n<hr \/>\n<\/div>\n<div style=\"text-align: justify;\">\n<h1><img loading=\"lazy\" class=\"alignleft wp-image-738 size-thumbnail\" src=\"http:\/\/estudiocescas.iecs.org.ar\/wp-content\/uploads\/2016\/12\/2015-AHA-EPILifestyle-150x150.png\" width=\"150\" height=\"150\" \/>American Heart Association EPI\/Lifestyle 2015 Scientific Sessions<\/h1>\n<div>\n<p>March 03 &#8211; 06, 2015 \u00a0 | \u00a0 Baltimore, Maryland<\/p>\n<div>\n<p><strong>Organized by:<\/strong> American Heart Association (AHA)<\/p>\n<\/div>\n<\/div>\n<h2><strong>Associations of Yerba Mate Tea Drinking With Blood Lipids, Apolipoproteins, and C-Reactive Protein Among South American Adults.\u00a0<\/strong><a href=\"http:\/\/circ.ahajournals.org\/content\/131\/Suppl_1\/AP215\" target=\"_blank\" rel=\"noopener noreferrer\">(see abstract)<\/a><\/h2>\n<h2><strong>Prevalence, Patterns and Correlates of Physical activity Among the Adult Population of Four Cities in the Southern Cone of Latin America: Results from the CESCAS I Study.\u00a0<\/strong><a href=\"http:\/\/circ.ahajournals.org\/content\/131\/Suppl_1\/AP278\" target=\"_blank\" rel=\"noopener noreferrer\">(see abstract)<\/a><\/h2>\n<hr \/>\n<\/div>\n<div class=\"speakers marT10\">\n<div class=\"speakers marT10\">\n<h1><img loading=\"lazy\" class=\"alignleft wp-image-732 size-thumbnail\" src=\"http:\/\/estudiocescas.iecs.org.ar\/wp-content\/uploads\/2016\/12\/2014-SAC-150x150.png\" width=\"150\" height=\"150\" \/>\u00a040\u00b0 Congreso Argentino de Cardiolog\u00eda<\/h1>\n<div>\n<p>October 16 &#8211; 18, 2014 \u00a0 | \u00a0 Buenos Aires, Argentina<\/p>\n<div>\n<p><strong>Organized by:<\/strong> Sociedad\u00a0Argentina de Cardiolog\u00eda<\/p>\n<\/div>\n<\/div>\n<div class=\"speakers marT10\">\n<h2><strong>Eventos cardiovasculares en estudios poblacionales: primer a\u00f1o de seguimiento del Estudio CESCAS I.<\/strong><a href=\"http:\/\/estudiocescas.iecs.org.ar\/wp-content\/uploads\/2016\/12\/2014-SAC_Abstract.pdf\" target=\"_blank\" rel=\"noopener noreferrer\"> (see abstract)<strong>\u00a0<\/strong><\/a><\/h2>\n<\/div>\n<\/div>\n<\/div>\n<hr \/>\n<h1><img loading=\"lazy\" class=\"alignleft wp-image-735 size-thumbnail\" src=\"http:\/\/estudiocescas.iecs.org.ar\/wp-content\/uploads\/2016\/12\/2014-AHA-150x150.png\" width=\"150\" height=\"150\" \/>AHA Annual Conference on Cardiovascular Disease Epidemiology and Prevention &#8211; Nutrition, Physical Activity and Metabolism (EPI\/NPAM 2014)<\/h1>\n<div>\n<p>March 18 &#8211; 21, 2014 \u00a0 | \u00a0 San Francisco,\u00a0California<\/p>\n<div>\n<p><strong>Organized by:\u00a0<\/strong>American Heart Association (AHA)<\/p>\n<\/div>\n<\/div>\n<h2><strong>Relationship among dietary patterns, apolipoproteins, C-reactive protein and other lipids in adult populations in four cities of the Southern Cone of Latin America. <\/strong><a href=\"http:\/\/circ.ahajournals.org\/content\/129\/Suppl_1\/AP271\" target=\"_blank\" rel=\"noopener noreferrer\">(see abstract)<\/a> <a href=\"http:\/\/estudiocescas.iecs.org.ar\/wp-content\/uploads\/2016\/12\/2014-EPINPAM-Poster-Relationship-among.pdf\" target=\"_blank\" rel=\"noopener noreferrer\">(see poster)<\/a><\/h2>\n<h2><strong>Diet patterns in Argentinean adults.\u00a0<\/strong><a href=\"http:\/\/circ.ahajournals.org\/content\/129\/Suppl_1\/AP419\" target=\"_blank\" rel=\"noopener noreferrer\">(see abstract)<\/a> <a href=\"http:\/\/estudiocescas.iecs.org.ar\/wp-content\/uploads\/2016\/12\/2014-EPINPAM-Poster-Diet-Patterns.pdf\" target=\"_blank\" rel=\"noopener noreferrer\">(see poster)<\/a><\/h2>\n<hr \/>\n<h1><img loading=\"lazy\" class=\"alignleft wp-image-717 size-thumbnail\" src=\"http:\/\/estudiocescas.iecs.org.ar\/wp-content\/uploads\/2016\/12\/2013-SAC-1-150x150.png\" width=\"150\" height=\"150\" \/>XXXIX Congreso Argentino de Cardiolog\u00eda<br \/>\nXXIV Congreso Interamericano de Cardiolog\u00eda<\/h1>\n<div>\n<p>October 18 &#8211; 20, 2013\u00a0\u00a0 | \u00a0 Buenos Aires, Argentina<\/p>\n<div>\n<p><strong>Organized by:\u00a0<\/strong>Sociedad\u00a0Argentina de Cardiolog\u00eda y Sociedad Interamericana de Cardiolog\u00eda<\/p>\n<\/div>\n<\/div>\n<div class=\"speakers marT10\">\n<h2><strong>Prevalencia de actividad fisica y su asociaci\u00f3n con determinantes socioedemograficos y factores de riesgo en el Cono Sur de Latinoamerica. Estudio CESCAS I. <a href=\"http:\/\/estudiocescas.iecs.org.ar\/wp-content\/uploads\/2016\/12\/2013-SAC-Abstrac-Actividad-Fisica.pdf\" target=\"_blank\" rel=\"noopener noreferrer\">(see abstract)<\/a><\/strong><\/h2>\n<h2><strong>Prevalencia, conocimiento, tratamiento y control de la hipertensi\u00f3n arterial en cuatro ciudades del Cono Sur de Lationoam\u00e9rica. Resultados basales del estudio CESCAS I. <\/strong><a href=\"http:\/\/estudiocescas.iecs.org.ar\/wp-content\/uploads\/2016\/12\/2013-SAC-Prevalencia-de-HTA.pdf\" target=\"_blank\" rel=\"noopener noreferrer\">(see abstract)<\/a><\/h2>\n<h2><strong>Prevalencia y distribuci\u00f3n de determinantes y factores de riesgo cardiovascular en el Cono Sur: Resultados basales del Estudio CESCAS I.\u00a0<\/strong><a href=\"http:\/\/estudiocescas.iecs.org.ar\/wp-content\/uploads\/2016\/12\/2013-SAC-Factores-de-Riesgo-CV-tradicionales-en-el-Cono-Sur.pdf\" target=\"_blank\" rel=\"noopener noreferrer\">(see abstract)<\/a><\/h2>\n<h2><strong>Prevalencia, conocimiento y control de la Diabetes Mellitus en el Cono Sur. Resultados basales del Estudio CESCAS I.\u00a0<\/strong><a href=\"http:\/\/estudiocescas.iecs.org.ar\/wp-content\/uploads\/2016\/12\/2013-SAC-Diabetes-Mellitus.pdf\" target=\"_blank\" rel=\"noopener noreferrer\">(see abstract)<\/a><\/h2>\n<h2><strong>Prevalencia de S\u00edndrome Metab\u00f3lico en cuatro ciudades del Cono Sur de Latinoam\u00e9rica. Resultados basales del Estudio CESCAS I.<\/strong>\u00a0<a href=\"http:\/\/estudiocescas.iecs.org.ar\/wp-content\/uploads\/2016\/12\/2013-SAC-Sindrome-Metabolico.pdf\" target=\"_blank\" rel=\"noopener noreferrer\">(see abstract)<\/a><\/h2>\n<h2><strong>Prevalencia de tabaquismo en 4 ciudades del Cono Sur de Latinoamerica, Estudio CESCAS I.<\/strong>\u00a0<a href=\"http:\/\/estudiocescas.iecs.org.ar\/wp-content\/uploads\/2016\/12\/2013-SAC-PREVALENCIA-DE-TABAQUISMO.pdf\" target=\"_blank\" rel=\"noopener noreferrer\">(see abstract)<\/a><\/h2>\n<hr \/>\n<h1><img loading=\"lazy\" class=\"alignleft wp-image-771 size-thumbnail\" src=\"http:\/\/estudiocescas.iecs.org.ar\/wp-content\/uploads\/2016\/12\/2016-IUNS-150x150.png\" width=\"150\" height=\"150\" \/>20th International Congress of Nutrition<\/h1>\n<div>\n<p>September 15\u00a0&#8211; 20, 2013 \u00a0 | \u00a0Granada, Espa\u00f1a<\/p>\n<div>\n<p><strong>Organized by:\u00a0<\/strong>International Union of Nutritional Sciences (IUNS)<\/p>\n<\/div>\n<\/div>\n<h2><strong>Prevalence of Metabolic Syndrome in the Southern Cone of Latin America\u00a0<\/strong><a href=\"http:\/\/estudiocescas.iecs.org.ar\/wp-content\/uploads\/2016\/12\/2013-IUNS-Poster_Irazola.pdf\" target=\"_blank\" rel=\"noopener noreferrer\">(see poster)<\/a><\/h2>\n<hr \/>\n<h1><img loading=\"lazy\" class=\"alignleft wp-image-712 size-thumbnail\" src=\"http:\/\/estudiocescas.iecs.org.ar\/wp-content\/uploads\/2016\/12\/2013-AHA-150x150.png\" width=\"150\" height=\"150\" \/>2013 AHA Annual Conference on Cardiovascular Disease Epidemiology and Prevention &#8211; Nutrition, Physical Activity and Metabolism (EPI\/NPAM 2013)<\/h1>\n<div>\n<p>March 19 &#8211; 22, 2013\u00a0\u00a0 | \u00a0\u00a0New Orleans, Luisiana<\/p>\n<div>\n<p><strong>Organized by: <\/strong>American Heart Association (AHA)<\/p>\n<\/div>\n<\/div>\n<div class=\"speakers marT10\">\n<h2><strong>Prevalence, Awareness, Treatment, and Control of Hypertension in the Southern Cone of Latin America<\/strong> <a href=\"http:\/\/circ.ahajournals.org\/content\/127\/Suppl_12\/AP317\" target=\"_blank\" rel=\"noopener noreferrer\">(see abstract)<\/a><\/h2>\n<h2><strong>Prevalence, Awareness and Control of Diabetes Mellitus in the Southern Cone of Latin America<\/strong> <a href=\"http:\/\/circ.ahajournals.org\/content\/127\/Suppl_12\/AP445\" target=\"_blank\" rel=\"noopener noreferrer\">(see abstract)<\/a><\/h2>\n<hr \/>\n<\/div>\n<\/div>\n<h1><img loading=\"lazy\" class=\"alignleft wp-image-757 size-thumbnail\" src=\"http:\/\/estudiocescas.iecs.org.ar\/wp-content\/uploads\/2016\/12\/2012-LatinCLEN-Logo-150x150.jpg\" width=\"150\" height=\"150\" \/>XIII Congreso de la Red Latinoamericana de Epidemiolog\u00eda Cl\u00ednica (LatinCLEN)<\/h1>\n<p>May 23-26, 2012\u00a0 \u00a0| \u00a0\u00a0Lima, Per\u00fa<\/p>\n<div>\n<p><strong>Organized by:<\/strong> International Clinical Epidemiology Network \u201cLatinCLEN\u201d<\/p>\n<\/div>\n<div><\/div>\n<div><\/div>\n<h2><strong>CESCAS I: Estudio de Detecci\u00f3n y Seguimiento de Enfermedad Cardiovascular y Factores de Riesgo en el Cono Sur<\/strong> <a href=\"http:\/\/estudiocescas.iecs.org.ar\/wp-content\/uploads\/2016\/12\/Presentacion-de-CESCAS-para-LatinCLEN.pdf\" target=\"_blank\" rel=\"noopener noreferrer\">(see presentation)<\/a><\/h2>\n<hr \/>\n<h1><img loading=\"lazy\" class=\"size-full wp-image-750 alignleft\" src=\"http:\/\/estudiocescas.iecs.org.ar\/wp-content\/uploads\/2016\/12\/2011-AMNET-Logo-1.jpg\" alt=\"\" width=\"166\" height=\"166\" srcset=\"https:\/\/estudiocescas.iecs.org.ar\/wp-content\/uploads\/2016\/12\/2011-AMNET-Logo-1.jpg 166w, https:\/\/estudiocescas.iecs.org.ar\/wp-content\/uploads\/2016\/12\/2011-AMNET-Logo-1-150x150.jpg 150w\" sizes=\"(max-width: 166px) 100vw, 166px\" \/>VIII Seminario Internacional sobre los Principios y la Pr\u00e1ctica de la Vigilancia en Enfermedades Cr\u00f3nicas y sus Factores de Riesgo<\/h1>\n<p>2011 \u00a0 | \u00a0\u00a0Mar del Plata, Argentina<\/p>\n<div>\n<p><strong>Organized by:<\/strong> Americas\u2019 Network for Chronic Disease Surveillance (AMNET)<\/p>\n<\/div>\n<h2><strong>Promoviendo la Investigaci\u00f3n para combatir las Enfermedades Cr\u00f3nicas en Latino Am\u00e9rica: El rol del CESCAS<\/strong> <a href=\"http:\/\/estudiocescas.iecs.org.ar\/wp-content\/uploads\/2016\/12\/Presentaci\u00f3n-de-CESCAS-en-AMNET-MDP-2011.pdf\" target=\"_blank\" rel=\"noopener noreferrer\">(see presentation)<\/a><\/h2>\n<hr \/>\n<p>&nbsp;<\/p>\n","protected":false},"excerpt":{"rendered":"<p>43\u00b0 Congreso Argentino de Cardiolog\u00eda October 19 &#8211; 21, 2017 \u00a0 | \u00a0\u00a0Buenos Aires, Argentina Organized by:\u00a0Sociedad Argentina de Cardiolog\u00eda Validaci\u00f3n externa de ecuaciones de riesgo cardiovascular en el cono sur de latinoam\u00e9rica: \u00bfCu\u00e1l predice mejor? 21st International Congress of &hellip; <a href=\"https:\/\/estudiocescas.iecs.org.ar\/en\/participaciones-en-congresos\/\">Continue reading <span class=\"meta-nav\">&rarr;<\/span><\/a><\/p>\n","protected":false},"author":1,"featured_media":0,"parent":0,"menu_order":0,"comment_status":"closed","ping_status":"closed","template":"sidebar-page.php","meta":[],"_links":{"self":[{"href":"https:\/\/estudiocescas.iecs.org.ar\/en\/wp-json\/wp\/v2\/pages\/1189"}],"collection":[{"href":"https:\/\/estudiocescas.iecs.org.ar\/en\/wp-json\/wp\/v2\/pages"}],"about":[{"href":"https:\/\/estudiocescas.iecs.org.ar\/en\/wp-json\/wp\/v2\/types\/page"}],"author":[{"embeddable":true,"href":"https:\/\/estudiocescas.iecs.org.ar\/en\/wp-json\/wp\/v2\/users\/1"}],"replies":[{"embeddable":true,"href":"https:\/\/estudiocescas.iecs.org.ar\/en\/wp-json\/wp\/v2\/comments?post=1189"}],"version-history":[{"count":9,"href":"https:\/\/estudiocescas.iecs.org.ar\/en\/wp-json\/wp\/v2\/pages\/1189\/revisions"}],"predecessor-version":[{"id":1296,"href":"https:\/\/estudiocescas.iecs.org.ar\/en\/wp-json\/wp\/v2\/pages\/1189\/revisions\/1296"}],"wp:attachment":[{"href":"https:\/\/estudiocescas.iecs.org.ar\/en\/wp-json\/wp\/v2\/media?parent=1189"}],"curies":[{"name":"wp","href":"https:\/\/api.w.org\/{rel}","templated":true}]}}