{"id":1181,"date":"2016-10-25T00:04:23","date_gmt":"2016-10-25T00:04:23","guid":{"rendered":"http:\/\/estudiocescas.iecs.org.ar\/en\/gacetillas\/"},"modified":"2017-09-12T20:16:31","modified_gmt":"2017-09-12T20:16:31","slug":"gacetillas","status":"publish","type":"page","link":"https:\/\/estudiocescas.iecs.org.ar\/en\/gacetillas\/","title":{"rendered":"Press Releases"},"content":{"rendered":"<p>&nbsp;<\/p>\n<table>\n<tbody>\n<tr>\n<td width=\"434\">\n<h1 style=\"text-align: justify;\">BARILOCHE: EL 45% PADECE HIPERTENSI\u00d3N <a href=\"http:\/\/estudiocescas.iecs.org.ar\/wp-content\/uploads\/2016\/10\/2017-03-Gacetilla-CESCAS-Bariloche-marzo-2017.pdf\" target=\"_blank\" rel=\"noopener noreferrer\">Read more&#8230;<\/a><\/h1>\n<\/td>\n<td width=\"132\">\n<p style=\"text-align: right;\">March 2017<\/p>\n<\/td>\n<\/tr>\n<tr>\n<td width=\"434\">\n<h1 style=\"text-align: justify;\">LAS MUJERES DE BARILOCHE HACEN MENOS ACTIVIDAD F\u00cdSICA QUE LOS HOMBRES \u00a0<a href=\"http:\/\/estudiocescas.iecs.org.ar\/wp-content\/uploads\/2016\/10\/2016-07-Gacetilla-Bariloche-actividad-fisica-julio-2016.pdf\" target=\"_blank\" rel=\"noopener noreferrer\">Read more&#8230;<\/a><\/h1>\n<\/td>\n<td width=\"132\">\n<p style=\"text-align: right;\">July 2016<\/p>\n<\/td>\n<\/tr>\n<tr>\n<td width=\"434\">\n<h1 style=\"text-align: justify;\">EL 11 % DE LOS ARGENTINOS PADECE EPOC y LA MAYOR\u00cdA NO LO SABE \u00a0<a href=\"http:\/\/estudiocescas.iecs.org.ar\/wp-content\/uploads\/2016\/10\/2014-11-Gacetilla-EPOC-noviembre-2014.pdf\" target=\"_blank\" rel=\"noopener noreferrer\">Read more&#8230;<\/a><\/h1>\n<\/td>\n<td width=\"132\">\n<p style=\"text-align: right;\">November 2014<\/p>\n<\/td>\n<\/tr>\n<tr>\n<td width=\"434\">\n<h1 style=\"text-align: justify;\">ESTUDIO CIENT\u00cdFICO REVELA QUE EL 11% DE LOS ADULTOS DE ARGENTINA, CHILE Y URUGUAY TIENE DIABETES TIPO 2, QUE EL 25% NO LO SABE Y QUE ENTRE QUIENES S\u00cd CONOCEN SU CONDICI\u00d3N, EL 47,1% NO EST\u00c1 CONTROLADO \u00a0\u00a0<a href=\"http:\/\/estudiocescas.iecs.org.ar\/wp-content\/uploads\/2016\/10\/2013-11-Gacetilla-diabetes-CESCAS-Cono-Sur-noviembre-2013.pdf\" target=\"_blank\" rel=\"noopener noreferrer\">Read more&#8230;<\/a><\/h1>\n<\/td>\n<td width=\"132\">\n<p style=\"text-align: right;\">November 2013<\/p>\n<\/td>\n<\/tr>\n<tr>\n<td width=\"434\">\n<h1 style=\"text-align: justify;\">CONO SUR: ESTUDIO CIENT\u00cdFICO REVELA QUE EL 41% DE LOS ADULTOS TIENE HIPERTENSI\u00d3N, 32% FUMA, EL 36% ES OBESO Y EL 57% HACE POCA ACTIVIDAD F\u00cdSICA\u00a0<a href=\"http:\/\/estudiocescas.iecs.org.ar\/wp-content\/uploads\/2016\/10\/2013-09-Gacetilla-CESCAS-Cono-Sur-septiembre-2013.pdf\" target=\"_blank\" rel=\"noopener noreferrer\">Read more&#8230;<\/a><\/h1>\n<\/td>\n<td width=\"132\">\n<p style=\"text-align: right;\">September 2013<\/p>\n<\/td>\n<\/tr>\n<tr>\n<td width=\"434\">\n<h1 style=\"text-align: justify;\">CHILE: EL 34% DE LA POBLACI\u00d3N ADULTA FUMA, EL 37% TIENE HIPERTENSI\u00d3N, EL 17% TIENE ALTO EL COLESTEROL Y EL 36% PADECE OBESIDAD\u00a0<a href=\"http:\/\/estudiocescas.iecs.org.ar\/wp-content\/uploads\/2016\/10\/2013-09-Gacetilla-CESCAS-Chile-septiembre-2013.pdf\" target=\"_blank\" rel=\"noopener noreferrer\">Read more&#8230;<\/a><\/h1>\n<\/td>\n<td width=\"132\">\n<p style=\"text-align: right;\">September 2013<\/p>\n<\/td>\n<\/tr>\n<tr>\n<td width=\"434\">\n<h1 style=\"text-align: justify;\">ESTUDIO CIENT\u00cdFICO PROVEE IMPORTANTE INFORMACI\u00d3N SOBRE LA SALUD CARDIOVASCULAR DE LOS ARGENTINOS\u00a0<a href=\"http:\/\/estudiocescas.iecs.org.ar\/wp-content\/uploads\/2016\/10\/2013-09-Gacetilla-CESCAS-Argentina-septiembre-2013.pdf\" target=\"_blank\" rel=\"noopener noreferrer\">Read more&#8230;<\/a><\/h1>\n<\/td>\n<td width=\"132\">\n<p style=\"text-align: right;\">September 2013<\/p>\n<\/td>\n<\/tr>\n<tr>\n<td width=\"434\">\n<h1 style=\"text-align: justify;\">UN ESTUDIO REVELA QU\u00c9 SUCEDE CON LA SALUD CARDIOVASCULAR DE LA POBLACI\u00d3N DE BARILOCHE\u00a0<a href=\"http:\/\/estudiocescas.iecs.org.ar\/wp-content\/uploads\/2016\/10\/2013-05-Gacetilla-CESCAS-Bariloche-mayo-2013.pdf\" target=\"_blank\" rel=\"noopener noreferrer\">Read more&#8230;<\/a><\/h1>\n<\/td>\n<td width=\"132\">\n<p style=\"text-align: right;\">May 2013<\/p>\n<\/td>\n<\/tr>\n<tr>\n<td width=\"434\">\n<h1 style=\"text-align: justify;\">7 DE ABRIL: D\u00cdA MUNDIAL DE LA HIPERTENSI\u00d3N UN ESTUDIO REVELA QUE EL 42 POR CIENTO DE LA POBLACI\u00d3N ADULTA ARGENTINA TIENE ALTA LA PRESI\u00d3N\u00a0<a href=\"http:\/\/estudiocescas.iecs.org.ar\/wp-content\/uploads\/2016\/10\/2013-04Gacetilla-Hipertension-IECS-abril-2013.pdf\" target=\"_blank\" rel=\"noopener noreferrer\">Read more&#8230;<\/a><\/h1>\n<\/td>\n<td width=\"132\">\n<p style=\"text-align: right;\">April 2013<\/p>\n<\/td>\n<\/tr>\n<tr>\n<td width=\"434\">\n<h1 style=\"text-align: justify;\">URUGUAY: EL 44% DE LA POBLACI\u00d3N ADULTA TIENE HIPERTENSI\u00d3N Y EL 21% TIENE ALTO EL COLESTEROL\u00a0<a href=\"http:\/\/estudiocescas.iecs.org.ar\/wp-content\/uploads\/2016\/10\/2013-04-Gacetilla-CESCAS-Uruguay-abril-2013.pdf\" target=\"_blank\" rel=\"noopener noreferrer\">Read more&#8230;<\/a><\/h1>\n<\/td>\n<td width=\"132\">\n<p style=\"text-align: right;\">April 2013<\/p>\n<\/td>\n<\/tr>\n<tr>\n<td width=\"434\">\n<h1 style=\"text-align: justify;\">ESTUDIO CIENT\u00cdFICO DEMUESTRA QUE LAS CENIZAS DEL VOLCAN PUYEHUE NO AFECTARON LA SALUD PULMONAR DE LA POBLACI\u00d3N\u00a0<a href=\"http:\/\/estudiocescas.iecs.org.ar\/wp-content\/uploads\/2016\/10\/2012-08-Gacetilla-CESCAS-volcan-Puyehue-agosto-2012.pdf\" target=\"_blank\" rel=\"noopener noreferrer\">Read more&#8230;<\/a><\/h1>\n<\/td>\n<td width=\"132\">\n<p style=\"text-align: right;\">August 2012<\/p>\n<\/td>\n<\/tr>\n<tr>\n<td width=\"434\">\n<h1 style=\"text-align: justify;\">CANELONES LLEVA ADELANTE UN ESTUDIO CIENTIFICO UNICO EN EL CONO SUR\u00a0<a href=\"http:\/\/estudiocescas.iecs.org.ar\/wp-content\/uploads\/2016\/10\/2012-Gacetilla-CESCAS-Uruguay-2012.pdf\" target=\"_blank\" rel=\"noopener noreferrer\">Read more&#8230;<\/a><\/h1>\n<\/td>\n<td width=\"132\">\n<p style=\"text-align: right;\">August 2012<\/p>\n<\/td>\n<\/tr>\n<\/tbody>\n<\/table>\n","protected":false},"excerpt":{"rendered":"<p>&nbsp; BARILOCHE: EL 45% PADECE HIPERTENSI\u00d3N Read more&#8230; March 2017 LAS MUJERES DE BARILOCHE HACEN MENOS ACTIVIDAD F\u00cdSICA QUE LOS HOMBRES \u00a0Read more&#8230; July 2016 EL 11 % DE LOS ARGENTINOS PADECE EPOC y LA MAYOR\u00cdA NO LO SABE \u00a0Read &hellip; <a href=\"https:\/\/estudiocescas.iecs.org.ar\/en\/gacetillas\/\">Continue reading <span class=\"meta-nav\">&rarr;<\/span><\/a><\/p>\n","protected":false},"author":1,"featured_media":0,"parent":0,"menu_order":0,"comment_status":"closed","ping_status":"closed","template":"sidebar-page.php","meta":[],"_links":{"self":[{"href":"https:\/\/estudiocescas.iecs.org.ar\/en\/wp-json\/wp\/v2\/pages\/1181"}],"collection":[{"href":"https:\/\/estudiocescas.iecs.org.ar\/en\/wp-json\/wp\/v2\/pages"}],"about":[{"href":"https:\/\/estudiocescas.iecs.org.ar\/en\/wp-json\/wp\/v2\/types\/page"}],"author":[{"embeddable":true,"href":"https:\/\/estudiocescas.iecs.org.ar\/en\/wp-json\/wp\/v2\/users\/1"}],"replies":[{"embeddable":true,"href":"https:\/\/estudiocescas.iecs.org.ar\/en\/wp-json\/wp\/v2\/comments?post=1181"}],"version-history":[{"count":5,"href":"https:\/\/estudiocescas.iecs.org.ar\/en\/wp-json\/wp\/v2\/pages\/1181\/revisions"}],"predecessor-version":[{"id":1230,"href":"https:\/\/estudiocescas.iecs.org.ar\/en\/wp-json\/wp\/v2\/pages\/1181\/revisions\/1230"}],"wp:attachment":[{"href":"https:\/\/estudiocescas.iecs.org.ar\/en\/wp-json\/wp\/v2\/media?parent=1181"}],"curies":[{"name":"wp","href":"https:\/\/api.w.org\/{rel}","templated":true}]}}