{"id":1170,"date":"2016-10-25T00:03:20","date_gmt":"2016-10-25T00:03:20","guid":{"rendered":"http:\/\/estudiocescas.iecs.org.ar\/en\/publicaciones-cientificas\/"},"modified":"2019-04-12T14:40:56","modified_gmt":"2019-04-12T14:40:56","slug":"publicaciones-cientificas","status":"publish","type":"page","link":"https:\/\/estudiocescas.iecs.org.ar\/en\/publicaciones-cientificas\/","title":{"rendered":"Scientific Publications"},"content":{"rendered":"<hr \/>\n<p style=\"text-align: justify;\">Rubinstein A, Irazola V, Poggio R, Bazzano L, Calandrelli M, Lanas Zanetti F, Manfredi J, Olivera H, Seron P, Ponzo J, He J. <strong><a href=\"https:\/\/www.ncbi.nlm.nih.gov\/pmc\/articles\/PMC3191438\/pdf\/bmjopen-2011-000126.pdf\" target=\"_blank\" rel=\"noopener noreferrer\">Detection and follow-up of cardiovascular disease and risk factors in the Southern Cone of Latin America: the CESCAS I study.<\/a><\/strong> <em>BMJ open<\/em>. 2011;1(1).<\/p>\n<hr \/>\n<p style=\"text-align: justify;\">Rubinstein A, Irazola V, Bazzano L, Sobrino E, Calandrelli M, Lanas F, Lee A, Manfredi J, Olivera H, Ponzo J. <strong><a href=\"https:\/\/www.ncbi.nlm.nih.gov\/pmc\/articles\/PMC3116480\/\" target=\"_blank\" rel=\"noopener noreferrer\">Detection and follow-up of chronic obstructive pulmonary disease (COPD) and risk factors in the Southern Cone of Latin America. The pulmonary risk in South America (PRISA) study.<\/a><\/strong> <em>BMC pulmonary medicine<\/em>. 2011;11(1):1.<\/p>\n<hr \/>\n<p style=\"text-align: justify;\">Rubinstein A, Irazola V, Poggio R, Lanas F, Calandrelli M, Ponzo J, Olivera H, Seron P, Bazzano L, Gutierrez L, He J<a href=\"http:\/\/circ.ahajournals.org\/content\/127\/Suppl_12\/AP445?cited-by=yes&amp;legid=circulationaha;127\/Suppl_12\/AP445\" target=\"_blank\" rel=\"noopener noreferrer\">.<strong> Prevalence, Awareness and Control of Diabetes Mellitus in the Southern Cone of Latin America<\/strong><\/a><strong>.<\/strong> Circulation 2013 ; 127: AP445<\/p>\n<hr \/>\n<p style=\"text-align: justify;\">Irazola V, Rubinstein A, Poggio R, Gutierrez L, Beratarrechea A, Calandrelli M, Olivera H, Lanas F, Seron P, Ponzo, J, He J. <strong><a href=\"https:\/\/www.ncbi.nlm.nih.gov\/pubmed\/24051500\" target=\"_blank\" rel=\"noopener noreferrer\">Prevalence of Metabolic Syndrome in the Southern Cone of Latin America.<\/a> <\/strong>Ann Nutr Metab 2013;63(suppl 1):1\u20131960. PO2066.<\/p>\n<hr \/>\n<p style=\"text-align: justify;\">Ben\u00edtez S, Sobrino E, Calandrelli M, Guti\u00e9rrez L, Irazola V, Rubinstein A. <strong><a href=\"http:\/\/www.scielo.org.ar\/scielo.php?script=sci_arttext&amp;pid=S1852-236X2014000400009\" target=\"_blank\" rel=\"noopener noreferrer\">Efectos de la ceniza volc\u00e1nica sobre la funci\u00f3n pulmonar en una cohorte de personas mayores de 45 a\u00f1os en Bariloche (Argentina).<\/a><\/strong> <em>Rev Am Med Resp<\/em>. 2014;4:411-6.<\/p>\n<hr \/>\n<p style=\"text-align: justify;\">Poggio R, Elorriaga N, Guitierrez L, Irazola V, Rubinstein A. <strong><a href=\"http:\/\/www.annalsofglobalhealth.org\/article\/S2214-9996(14)00159-3\/abstract\" target=\"_blank\" rel=\"noopener noreferrer\">Relationship among dietary patterns, apolipoproteins, C-reactive protein, and other lipids in adult populations in four cities of the Southern Cone of Latin America.<\/a><\/strong> Annals of Global Health. 2014;80(3):199-200.<\/p>\n<hr \/>\n<p style=\"text-align: justify;\">Elorriaga N, Irazola V, Gutierrez L, Defag\u00f3 MD, Poggio R, Rubinstein A.\u00a0<strong><a href=\"http:\/\/circ.ahajournals.org\/content\/129\/Suppl_1\/AP419\" target=\"_blank\" rel=\"noopener noreferrer\">Diet patterns in Argentinean adults<\/a><\/strong><strong>. <\/strong>Circulation. 2014;129:AP419<\/p>\n<hr \/>\n<p style=\"text-align: justify;\">Elorriaga N, Irazola V, Defago M, Britz M, Martinez-Oakley S, Witriw A, Rubinstein A. <strong><a href=\"https:\/\/www.cambridge.org\/core\/journals\/public-health-nutrition\/article\/div-classtitlevalidation-of-a-self-administered-ffq-in-adults-in-argentina-chile-and-uruguaydiv\/EDD1B52ADAEE808CCE5540E5CF2A6A1B\" target=\"_blank\" rel=\"noopener noreferrer\">Validation of a self-administered FFQ in adults in Argentina, Chile and Uruguay.<\/a><\/strong> <em>Public health nutrition<\/em>. 2015;18(1):59-67.<\/p>\n<hr \/>\n<p style=\"text-align: justify;\">Rubinstein A, Irazola V, Calandrelli M, Elorriaga N, Gutierrez L, Lanas F, Manfredi J, Mores N, Olivera H, Poggio R, Ponzo J, Seron P, Chen C, Bazzano L, He J. <strong><a href=\"https:\/\/www.ncbi.nlm.nih.gov\/pmc\/articles\/PMC4382451\/pdf\/nihms-661667.pdf\" target=\"_blank\" rel=\"noopener noreferrer\">Multiple cardiometabolic risk factors in the Southern Cone of Latin America: a population-based study in Argentina, Chile, and Uruguay.<\/a><\/strong> <em>International journal of cardiology<\/em>. 2015;183:82-8.<\/p>\n<hr \/>\n<p style=\"text-align: justify;\">Elorriaga N, Poggio R, Gutierrez L, Irazola VE, Defago MD, Corrmick G, Danaei G, Mozaffarian D, Rubinstein AL. <a href=\"http:\/\/circ.ahajournals.org\/content\/131\/Suppl_1\/AP215\" target=\"_blank\" rel=\"noopener noreferrer\"><strong>Associations of Yerba Mate Tea Drinking With Blood Lipids, Apolipoproteins, and C-Reactive Protein Among South American Adults.<\/strong><\/a> Circulation. 2015;131(Suppl 1):AP215-AP.<\/p>\n<hr \/>\n<p style=\"text-align: justify;\"><strong><a href=\"http:\/\/www.thelancet.com\/journals\/lancet\/article\/PIIS0140-6736(16)00618-8\/abstract\" target=\"_blank\" rel=\"noopener noreferrer\">Worldwide trends in diabetes since 1980: a pooled analysis of 751 population-based studies with 4.4 million participants.<\/a><\/strong> <em>The Lancet<\/em>. 2016;387(10027):1513-30.<\/p>\n<hr \/>\n<p style=\"text-align: justify;\">Grigsby M, Siddharthan T, Chowdhury MA, Siddiquee A, Rubinstein A, Sobrino E, Miranda JJ, Bernabe-Ortiz A, Alam D, Checkley W. <strong><a href=\"https:\/\/www.ncbi.nlm.nih.gov\/pmc\/articles\/PMC5065097\/\" target=\"_blank\" rel=\"noopener noreferrer\">Socioeconomic status and COPD among low-and middle-income countries.<\/a><\/strong> <em>International Journal of Chronic Obstructive Pulmonary Disease<\/em>. 2016;11:2497.<\/p>\n<hr \/>\n<p style=\"text-align: justify;\">Lanas F, Bazzano L, Rubinstein A, Calandrelli M, Chen C, Elorriaga N, Gutierrez L, Manfredi J, Seron P, Mores N, Poggio R, Ponzo J, Olivera H, He J, Irazola V. <strong><a href=\"http:\/\/www.iecs.org.ar\/wp-content\/uploads\/Prevalence-Distributions-and-Determinants-of-Obesity-and-Central-Obesity-in-the-Southern-Cone-of-America.pdf\" target=\"_blank\" rel=\"noopener noreferrer\">Prevalence, Distributions and Determinants of Obesity and Central Obesity in the Southern Cone of America.<\/a><\/strong> <em>PloS one<\/em>. 2016;11(10).<\/p>\n<hr \/>\n<p style=\"text-align: justify;\">Rubinstein A, Irazola V, Calandrelli M, Chen C, Gutierrez L, Lanas F, Manfredi J, Mores N, Poggio R, Ponzo J, Seron P, Bazzano L, He J. <strong><a href=\"http:\/\/ajh.oxfordjournals.org\/content\/early\/2016\/08\/19\/ajh.hpw092.abstract\" target=\"_blank\" rel=\"noopener noreferrer\">Prevalence, Awareness, Treatment, and Control of Hypertension in the Southern Cone of Latin America.<\/a><\/strong> <em>American journal of hypertension<\/em>. 2016.<\/p>\n<hr \/>\n<p style=\"text-align: justify;\">Bloomfield G, Xavier D, Belis D, Alam D, Davis P, Dorairaj P, Ghannem H, Gilman R, Kamath D, Kimaiyo S, Levitt N, Martinez H, Mejicano G, Miranda J, Koehlmoos T, Rabadan-Diehl C, Ramirez-Zea M, Rubinstein A, Sacksteder K, Steyn K, Tandon N, Vedanthan R, Wolbach T, Wu Y, Yan L. <strong><a href=\"http:\/\/www.iecs.org.ar\/wp-content\/uploads\/Bloomfield2016.pdf\" target=\"_blank\" rel=\"noopener noreferrer\">Training and Capacity Building in LMIC for Research in Heart and Lung Diseases: The NHLBI-UnitedHealth Global Health Centers of Excellence Program.<\/a><\/strong> <em>Global heart<\/em>. 2016;11(1):17-25.<\/p>\n<hr \/>\n<p style=\"text-align: justify;\">Carrillo-Larco R, Miranda J, Li X, Cui C, Xu X, Ali M, Alam D, Gaziano T, Gupta R, Irazola V, Levitt N, Prabhakaran D, Rubinstein A, Steyn K, Tandon N, Xavier D, Wu Y, Yan L. <strong><a href=\"http:\/\/www.iecs.org.ar\/wp-content\/uploads\/Carrillo-Larco2016.pdf\" target=\"_blank\" rel=\"noopener noreferrer\">Prevalence of Pragmatically Defined High CV Risk and its Correlates in LMIC: A Report From 10 LMIC Areas in Africa, Asia, and South America.<\/a><\/strong> <em>Global heart<\/em>. 2016;11(1):27-36.<\/p>\n<hr \/>\n<p style=\"text-align: justify;\">Gaziano T, Abrahams-Gessel S, Alam S, Alam D, Ali M, Bloomfield G, Carrillo-Larco R, Dorairaj P, Gutierrez L, Irazola V, Levitt N, Miranda J, Bernabe-Ortiz A, Pandya A, Rubinstein A, Steyn K, Xavier D, Yan L. <strong><a href=\"http:\/\/www.iecs.org.ar\/wp-content\/uploads\/Gaziano2016.pdf\" target=\"_blank\" rel=\"noopener noreferrer\">Comparison of Nonblood-Based and Blood-Based Total CV Risk Scores in Global Populations.<\/a><\/strong> <em>Global heart<\/em>. 2016;11(1):37-46.e2.<\/p>\n<hr \/>\n<p style=\"text-align: justify;\">Patel S, Ali M, Alam D, Yan L, Levitt N, Bernabe-Ortiz A, Checkley W, Wu Y, Irazola V, Gutierrez L, Rubinstein A, Shivashankar R, Li X, Miranda J, Chowdhury M, Siddiquee A, Gaziano T, Kadir M, Prabhakaran D. <strong><a href=\"http:\/\/www.iecs.org.ar\/wp-content\/uploads\/Patel2016.pdf\" target=\"_blank\" rel=\"noopener noreferrer\">Obesity and its Relation With Diabetes and Hypertension: A Cross-Sectional Study Across 4 Geographical Regions.<\/a><\/strong> <em>Global heart<\/em>. 2016;11(1):71-9.<\/p>\n<hr \/>\n<p style=\"text-align: justify;\">Poggio R, Seron P, Calandrelli M, Ponzo J, Mores N, Matta MG, Gutierrez L, Chung-Shiuan C, Lanas F, He J, Irazola V, Rubinstein A, Bazzano L<a href=\"http:\/\/www.globalheart-journal.com\/article\/S2211-8160(15)00318-X\/pdf\" target=\"_blank\" rel=\"noopener noreferrer\">. <strong>Prevalence, Patterns, and Correlates of Physical Activity Among the Adult Population in Latin America: Cross-Sectional Results from the CESCAS I Study<\/strong>.<\/a> <em>Global heart<\/em>. 2016;11(1):81-8.<\/p>\n<hr \/>\n<p style=\"text-align: justify;\">Shen J, Kondal D, Rubinstein A, Irazola V, Gutierrez L, Miranda J, Bernabe-Ortiz A, Lazo-Porras M, Levitt N, Steyn K, Bobrow K, Ali M, Prabhakaran D, Tandon N. <strong><a href=\"http:\/\/www.iecs.org.ar\/wp-content\/uploads\/Shen2016.pdf\" target=\"_blank\" rel=\"noopener noreferrer\">A Multiethnic Study of Pre-Diabetes and Diabetes in LMIC.<\/a><\/strong> <em>Global heart<\/em>. 2016;11(1):61-70.<\/p>\n<hr \/>\n<p style=\"text-align: justify;\"><strong><a href=\"http:\/\/www.thelancet.com\/pdfs\/journals\/lancet\/PIIS0140-6736(16)31919-5.pdf\" target=\"_blank\" rel=\"noopener noreferrer\">Worldwide trends in blood pressure from 1975 to 2015: a pooled analysis of 1479 population-based measurement studies with 19.1 million participants.<\/a><\/strong> <em>The Lancet<\/em>. 2016.<\/p>\n<hr \/>\n<p style=\"text-align: justify;\">Irazola V, Gutierrez L, Bloomfield G, Carrillo-Larco R, Dorairaj P, Gaziano T, Levitt N, Miranda J, Ortiz A, Steyn K, Wu Y, Xavier D, Yan L, He J, Rubinstein A. <strong><a href=\"https:\/\/www.ncbi.nlm.nih.gov\/pubmed\/28877254\" target=\"_blank\" rel=\"noopener noreferrer\">Hypertension Prevalence, Awareness, Treatment, and Control in Selected LMIC Communities: Results From the NHLBI\/UHG Network of Centers of Excellence for Chronic Diseases.<\/a><\/strong> <em>Global heart<\/em>. 2016;11(1):47-59.<\/p>\n<hr \/>\n<p style=\"text-align: justify;\">Poggio R, Elorriaga N, Gutierrez L, Irazola V, Rubinstein A, Danaei G. <strong><a href=\"https:\/\/www.ncbi.nlm.nih.gov\/pubmed\/28382894\" target=\"_blank\" rel=\"noopener noreferrer\">Associations between dietary patterns and serum lipids, apo and C-reactive protein in an adult population: evidence from a multi-city cohort in South America.<\/a><\/strong> <em>Br J Nutr<\/em>. 2017.<\/p>\n<hr \/>\n<p style=\"text-align: justify;\">Daray F, Rubinstein A, Gutierrez L, Lanas F, Mores N, Calandrelli M, Poggio R, Ponzo J, Irazola V. <a href=\"https:\/\/www.ncbi.nlm.nih.gov\/pubmed\/28575715\" target=\"_blank\" rel=\"noopener noreferrer\"><strong>Determinants and geographical variation in the distribution of depression in the Southern cone of Latin America: A population-based survey in four cities in Argentina, Chile and Uruguay.<\/strong><\/a> Journal of affective disorders. 2017;220:15-23.<\/p>\n<hr \/>\n<p style=\"text-align: justify;\">Elorriaga N, Gutierrez L, Romero IB, Moyano DL, Poggio R, Calandrelli M, Mores N, Rubinstein A, Irazola V. <strong><a href=\"https:\/\/www.ncbi.nlm.nih.gov\/pubmed\/28858263\" target=\"_blank\" rel=\"noopener noreferrer\">Collecting Evidence to Inform Salt Reduction Policies in Argentina: Identifying Sources of Sodium Intake in Adults from a Population-Based Sample.<\/a> <\/strong>Nutrients. 2017;9(9):964.<\/p>\n<hr \/>\n<p style=\"text-align: justify;\"><strong><a href=\"https:\/\/www.ncbi.nlm.nih.gov\/pubmed\/29029897\" target=\"_blank\" rel=\"noopener noreferrer\">Worldwide trends in body-mass index, underweight, overweight, and obesity from 1975 to 2016: a pooled analysis of 2416 population-based measurement studies in 128.9 million children, adolescents, and adults.<\/a> <\/strong><em>Lancet (London, England)<\/em> 2017.<\/p>\n<hr \/>\n<p style=\"text-align: justify;\">Irazola V, Rubinstein A, Bazzano L, et al. <strong><a href=\"http:\/\/journals.plos.org\/plosone\/article?id=10.1371\/journal.pone.0183953\" target=\"_blank\" rel=\"noopener noreferrer\">Prevalence, awareness, treatment and control of diabetes and impaired fasting glucose in the Southern Cone of Latin America.<\/a><\/strong> <em>PloS one<\/em> 2017; 12(9): e0183953.<\/p>\n<hr \/>\n<p style=\"text-align: justify;\">Sobrino E, Irazola VE, Gutierrez L, Chen C-S, Lanas F, Calandrelli M, Ponzo J, Mores N, Ser\u00f3n P, Lee A, He J, Rubinstein AL. <strong><a href=\"https:\/\/bmcpulmmed.biomedcentral.com\/articles\/10.1186\/s12890-017-0537-9\" target=\"_blank\" rel=\"noopener noreferrer\">Estimating prevalence of chronic obstructive pulmonary disease in the Southern Cone of Latin America: how different spirometric criteria may affect disease burden and health policies.<\/a><\/strong> <em>BMC Pulmonary Medicine<\/em>. 2017;17(1):187.<\/p>\n<hr \/>\n<p>Gulayin PE, Danaei G, Gutierrez L, Poggio R, Ponzo J, Lanas F, Rubinstein A, Irazola V. <a href=\"https:\/\/www.sac.org.ar\/wp-content\/uploads\/2018\/05\/v86n1a04.pdf\"><strong>Validaci\u00f3n externa de ecuaciones de riesgo cardiovascular en el Cono Sur de Latinoam\u00e9rica: \u00bfcu\u00e1l predice mejor?.<\/strong><\/a> Rev Argent Cardiol 2018;86.<\/p>\n<hr \/>\n<p style=\"text-align: justify;\">Poggio R, Melendi S, Gutierrez L, Elorriaga N, Irazola V. <strong><a href=\"https:\/\/www.ncbi.nlm.nih.gov\/pubmed\/30020215\">Occupational Physical Activity and Cardiovascular Risk Factors Profile in the Adult Population of the Southern Cone of Latin America: Results from the CESCAS I Study.<\/a><\/strong> J Occup Environ Med. 2018 (1536-5948 (Electronic)).<\/p>\n<hr \/>\n<p style=\"text-align: justify;\">Gulayin PE, Irazola V, Gutierrez L, Elorriaga N, Lanas F, Mores N, Ponzo J, Calandrelli M, Poggio R, Rubinstein A, Bardach A. <a href=\"https:\/\/doi.org\/10.1093\/pubmed\/fdy226\" target=\"_blank\" rel=\"noopener noreferrer\"><strong>Association between drinking patterns and cardiovascular risk: a population-based study in the Southern Cone of Latin America.<\/strong> <\/a>Journal of Public Health 2019;fdy226.<\/p>\n<hr \/>\n<p style=\"text-align: justify;\">Lamelas P, Diaz R, Orlandini A, et al. <strong><a href=\"https:\/\/www.ncbi.nlm.nih.gov\/pubmed\/?term=Prevalence%2C+awareness%2C+treatment+and+control+of+hypertension+in+rural+and+urban+communities+in+Latin+American+countries\" target=\"_blank\" rel=\"noopener noreferrer\">Prevalence, awareness, treatment and control of hypertension in rural and urban communities in Latin American countries.<\/a><\/strong> Journal of Hypertension. 2019:1.<\/p>\n","protected":false},"excerpt":{"rendered":"<p>Rubinstein A, Irazola V, Poggio R, Bazzano L, Calandrelli M, Lanas Zanetti F, Manfredi J, Olivera H, Seron P, Ponzo J, He J. Detection and follow-up of cardiovascular disease and risk factors in the Southern Cone of Latin America: the &hellip; <a href=\"https:\/\/estudiocescas.iecs.org.ar\/en\/publicaciones-cientificas\/\">Continue reading <span class=\"meta-nav\">&rarr;<\/span><\/a><\/p>\n","protected":false},"author":1,"featured_media":0,"parent":0,"menu_order":0,"comment_status":"closed","ping_status":"closed","template":"sidebar-page.php","meta":[],"_links":{"self":[{"href":"https:\/\/estudiocescas.iecs.org.ar\/en\/wp-json\/wp\/v2\/pages\/1170"}],"collection":[{"href":"https:\/\/estudiocescas.iecs.org.ar\/en\/wp-json\/wp\/v2\/pages"}],"about":[{"href":"https:\/\/estudiocescas.iecs.org.ar\/en\/wp-json\/wp\/v2\/types\/page"}],"author":[{"embeddable":true,"href":"https:\/\/estudiocescas.iecs.org.ar\/en\/wp-json\/wp\/v2\/users\/1"}],"replies":[{"embeddable":true,"href":"https:\/\/estudiocescas.iecs.org.ar\/en\/wp-json\/wp\/v2\/comments?post=1170"}],"version-history":[{"count":8,"href":"https:\/\/estudiocescas.iecs.org.ar\/en\/wp-json\/wp\/v2\/pages\/1170\/revisions"}],"predecessor-version":[{"id":1356,"href":"https:\/\/estudiocescas.iecs.org.ar\/en\/wp-json\/wp\/v2\/pages\/1170\/revisions\/1356"}],"wp:attachment":[{"href":"https:\/\/estudiocescas.iecs.org.ar\/en\/wp-json\/wp\/v2\/media?parent=1170"}],"curies":[{"name":"wp","href":"https:\/\/api.w.org\/{rel}","templated":true}]}}