{"id":1153,"date":"2017-07-03T13:36:33","date_gmt":"2017-07-03T13:36:33","guid":{"rendered":"http:\/\/estudiocescas.iecs.org.ar\/en\/uruguay\/"},"modified":"2017-09-12T19:48:02","modified_gmt":"2017-09-12T19:48:02","slug":"uruguay","status":"publish","type":"page","link":"https:\/\/estudiocescas.iecs.org.ar\/en\/uruguay\/","title":{"rendered":"Canelones"},"content":{"rendered":"<h1><span style=\"color: #800000;\">Study Site Coordinaton<a href=\"http:\/\/estudiocescas.iecs.org.ar\/wp-content\/uploads\/2017\/07\/IMG_5606_2.jpg\" target=\"_blank\" rel=\"noopener noreferrer\"><img loading=\"lazy\" class=\"alignright wp-image-993 size-medium\" src=\"http:\/\/estudiocescas.iecs.org.ar\/wp-content\/uploads\/2017\/07\/IMG_5606_2-300x169.jpg\" alt=\"\" width=\"300\" height=\"169\" srcset=\"https:\/\/estudiocescas.iecs.org.ar\/wp-content\/uploads\/2017\/07\/IMG_5606_2-300x169.jpg 300w, https:\/\/estudiocescas.iecs.org.ar\/wp-content\/uploads\/2017\/07\/IMG_5606_2-768x431.jpg 768w, https:\/\/estudiocescas.iecs.org.ar\/wp-content\/uploads\/2017\/07\/IMG_5606_2-1024x575.jpg 1024w, https:\/\/estudiocescas.iecs.org.ar\/wp-content\/uploads\/2017\/07\/IMG_5606_2-500x281.jpg 500w, https:\/\/estudiocescas.iecs.org.ar\/wp-content\/uploads\/2017\/07\/IMG_5606_2.jpg 1200w\" sizes=\"(max-width: 300px) 100vw, 300px\" \/><\/a><\/span><\/h1>\n<p>Prof. Jacqueline Ponzo, MD<br \/>\nPatricia Barot, BSc<br \/>\nJos\u00e9 An\u00edbal Manfredi, MD<br \/>\nArianel Bruno, MD<\/p>\n<h1><span style=\"color: #800000;\"><em>junior <\/em>Researchers<\/span><\/h1>\n<p>David Pereyra, MD<br \/>\nVer\u00f3nica Guatini<\/p>\n<h1><span style=\"color: #800000;\">Collaborators<\/span><\/h1>\n<p>Daiana Moyano, BSc<br \/>\nFernanda Su\u00e1rez, BSc<br \/>\nHelena Pacheco<br \/>\nAna Gossweiler, MD<\/p>\n<h1><span style=\"color: #800000;\">Fieldwork<\/span><\/h1>\n<p style=\"text-align: justify;\">Medical students taking the optional CESCAS course<\/p>\n<h1><span style=\"color: #800000;\">Institution<\/span><\/h1>\n<p>Departamento de Medicina Familiar y Comunitaria, Director Prof. Dr. Julio Vignolo<br \/>\nFacultad de Medicina, Universidad de la Rep\u00fablica<br \/>\nUnidad Docente Asistencial Canelones al Este<\/p>\n","protected":false},"excerpt":{"rendered":"<p>Study Site Coordinaton Prof. Jacqueline Ponzo, MD Patricia Barot, BSc Jos\u00e9 An\u00edbal Manfredi, MD Arianel Bruno, MD junior Researchers David Pereyra, MD Ver\u00f3nica Guatini Collaborators Daiana Moyano, BSc Fernanda Su\u00e1rez, BSc Helena Pacheco Ana Gossweiler, MD Fieldwork Medical students taking &hellip; <a href=\"https:\/\/estudiocescas.iecs.org.ar\/en\/uruguay\/\">Continue reading <span class=\"meta-nav\">&rarr;<\/span><\/a><\/p>\n","protected":false},"author":1,"featured_media":0,"parent":0,"menu_order":0,"comment_status":"closed","ping_status":"closed","template":"sidebar-page.php","meta":[],"_links":{"self":[{"href":"https:\/\/estudiocescas.iecs.org.ar\/en\/wp-json\/wp\/v2\/pages\/1153"}],"collection":[{"href":"https:\/\/estudiocescas.iecs.org.ar\/en\/wp-json\/wp\/v2\/pages"}],"about":[{"href":"https:\/\/estudiocescas.iecs.org.ar\/en\/wp-json\/wp\/v2\/types\/page"}],"author":[{"embeddable":true,"href":"https:\/\/estudiocescas.iecs.org.ar\/en\/wp-json\/wp\/v2\/users\/1"}],"replies":[{"embeddable":true,"href":"https:\/\/estudiocescas.iecs.org.ar\/en\/wp-json\/wp\/v2\/comments?post=1153"}],"version-history":[{"count":3,"href":"https:\/\/estudiocescas.iecs.org.ar\/en\/wp-json\/wp\/v2\/pages\/1153\/revisions"}],"predecessor-version":[{"id":1220,"href":"https:\/\/estudiocescas.iecs.org.ar\/en\/wp-json\/wp\/v2\/pages\/1153\/revisions\/1220"}],"wp:attachment":[{"href":"https:\/\/estudiocescas.iecs.org.ar\/en\/wp-json\/wp\/v2\/media?parent=1153"}],"curies":[{"name":"wp","href":"https:\/\/api.w.org\/{rel}","templated":true}]}}