{"id":1134,"date":"2017-07-03T14:11:05","date_gmt":"2017-07-03T14:11:05","guid":{"rendered":"http:\/\/estudiocescas.iecs.org.ar\/en\/bariloche\/"},"modified":"2017-09-12T19:52:08","modified_gmt":"2017-09-12T19:52:08","slug":"bariloche","status":"publish","type":"page","link":"https:\/\/estudiocescas.iecs.org.ar\/en\/bariloche\/","title":{"rendered":"Bariloche"},"content":{"rendered":"<h1><span style=\"color: #800000;\"><img loading=\"lazy\" class=\"size-medium wp-image-996 alignright\" src=\"http:\/\/estudiocescas.iecs.org.ar\/wp-content\/uploads\/2017\/07\/IMG_5599_2-300x169.jpg\" alt=\"\" width=\"300\" height=\"169\" srcset=\"https:\/\/estudiocescas.iecs.org.ar\/wp-content\/uploads\/2017\/07\/IMG_5599_2-300x169.jpg 300w, https:\/\/estudiocescas.iecs.org.ar\/wp-content\/uploads\/2017\/07\/IMG_5599_2-768x431.jpg 768w, https:\/\/estudiocescas.iecs.org.ar\/wp-content\/uploads\/2017\/07\/IMG_5599_2-1024x575.jpg 1024w, https:\/\/estudiocescas.iecs.org.ar\/wp-content\/uploads\/2017\/07\/IMG_5599_2-500x281.jpg 500w, https:\/\/estudiocescas.iecs.org.ar\/wp-content\/uploads\/2017\/07\/IMG_5599_2.jpg 1200w\" sizes=\"(max-width: 300px) 100vw, 300px\" \/>Study Site Coordinaton<\/span><\/h1>\n<p>Gabriela Let\u00f3n, BSc<br \/>\nM\u00f3nica Palacio, MSc<br \/>\nMat\u00edas Calandrelli, MD<br \/>\nPatricia Elizabeth Mendoza, BSc<\/p>\n<h1><span style=\"color: #800000;\">Outcome verification<\/span><\/h1>\n<p>Samara J\u00e1come, BSc<\/p>\n<h1><span style=\"color: #800000;\">Fieldwork<\/span><\/h1>\n<p>Nursing students of CURUB-UNCo<\/p>\n<h1><span style=\"color: #800000;\">Institution<\/span><\/h1>\n<p style=\"text-align: justify;\">Centro Regional Universitario Bariloche (CRUB)<br \/>\nUniversidad Nacional del Comahue (UNCo)<br \/>\nSecretar\u00eda de Ciencia, T\u00e9cnica y Vinculaci\u00f3n<br \/>\nCarrera de Enfermer\u00eda<\/p>\n","protected":false},"excerpt":{"rendered":"<p>Study Site Coordinaton Gabriela Let\u00f3n, BSc M\u00f3nica Palacio, MSc Mat\u00edas Calandrelli, MD Patricia Elizabeth Mendoza, BSc Outcome verification Samara J\u00e1come, BSc Fieldwork Nursing students of CURUB-UNCo Institution Centro Regional Universitario Bariloche (CRUB) Universidad Nacional del Comahue (UNCo) Secretar\u00eda de Ciencia, &hellip; <a href=\"https:\/\/estudiocescas.iecs.org.ar\/en\/bariloche\/\">Continue reading <span class=\"meta-nav\">&rarr;<\/span><\/a><\/p>\n","protected":false},"author":1,"featured_media":0,"parent":0,"menu_order":0,"comment_status":"closed","ping_status":"closed","template":"sidebar-page.php","meta":[],"_links":{"self":[{"href":"https:\/\/estudiocescas.iecs.org.ar\/en\/wp-json\/wp\/v2\/pages\/1134"}],"collection":[{"href":"https:\/\/estudiocescas.iecs.org.ar\/en\/wp-json\/wp\/v2\/pages"}],"about":[{"href":"https:\/\/estudiocescas.iecs.org.ar\/en\/wp-json\/wp\/v2\/types\/page"}],"author":[{"embeddable":true,"href":"https:\/\/estudiocescas.iecs.org.ar\/en\/wp-json\/wp\/v2\/users\/1"}],"replies":[{"embeddable":true,"href":"https:\/\/estudiocescas.iecs.org.ar\/en\/wp-json\/wp\/v2\/comments?post=1134"}],"version-history":[{"count":3,"href":"https:\/\/estudiocescas.iecs.org.ar\/en\/wp-json\/wp\/v2\/pages\/1134\/revisions"}],"predecessor-version":[{"id":1222,"href":"https:\/\/estudiocescas.iecs.org.ar\/en\/wp-json\/wp\/v2\/pages\/1134\/revisions\/1222"}],"wp:attachment":[{"href":"https:\/\/estudiocescas.iecs.org.ar\/en\/wp-json\/wp\/v2\/media?parent=1134"}],"curies":[{"name":"wp","href":"https:\/\/api.w.org\/{rel}","templated":true}]}}